{"id":10312,"date":"2024-11-24T09:42:35","date_gmt":"2024-11-24T15:42:35","guid":{"rendered":"https:\/\/camilaherreracr.com\/artdesigns?post_type=product&#038;p=10312"},"modified":"2025-12-03T13:34:38","modified_gmt":"2025-12-03T19:34:38","slug":"laia","status":"publish","type":"product","link":"https:\/\/camilaherreracr.com\/artdesigns\/producto\/laia\/","title":{"rendered":"Laia"},"content":{"rendered":"<p>Este elegante tocado de boda presenta un dise\u00f1o de enredadera delicada . Adornado con flores y perlas luminosas que aportan un toque rom\u00e1ntico y sofisticado. Ideal para bodas bohemias, vintage o rom\u00e1nticas, resalta la belleza natural de la novia con un estilo \u00fanico y encantador.<\/p>\n","protected":false},"excerpt":{"rendered":"<p>Tocado de bodas estilo enredadera con perlas y flores.<\/p>\n","protected":false},"featured_media":10314,"comment_status":"closed","ping_status":"closed","template":"","meta":{"om_disable_all_campaigns":false,"_monsterinsights_skip_tracking":false,"_monsterinsights_sitenote_active":false,"_monsterinsights_sitenote_note":"","_monsterinsights_sitenote_category":0,"_uf_show_specific_survey":0,"_uf_disable_surveys":false},"product_cat":[228],"product_tag":[],"aioseo_notices":[],"jetpack_sharing_enabled":true,"_links":{"self":[{"href":"https:\/\/camilaherreracr.com\/artdesigns\/wp-json\/wp\/v2\/product\/10312"}],"collection":[{"href":"https:\/\/camilaherreracr.com\/artdesigns\/wp-json\/wp\/v2\/product"}],"about":[{"href":"https:\/\/camilaherreracr.com\/artdesigns\/wp-json\/wp\/v2\/types\/product"}],"replies":[{"embeddable":true,"href":"https:\/\/camilaherreracr.com\/artdesigns\/wp-json\/wp\/v2\/comments?post=10312"}],"version-history":[{"count":1,"href":"https:\/\/camilaherreracr.com\/artdesigns\/wp-json\/wp\/v2\/product\/10312\/revisions"}],"predecessor-version":[{"id":10317,"href":"https:\/\/camilaherreracr.com\/artdesigns\/wp-json\/wp\/v2\/product\/10312\/revisions\/10317"}],"wp:featuredmedia":[{"embeddable":true,"href":"https:\/\/camilaherreracr.com\/artdesigns\/wp-json\/wp\/v2\/media\/10314"}],"wp:attachment":[{"href":"https:\/\/camilaherreracr.com\/artdesigns\/wp-json\/wp\/v2\/media?parent=10312"}],"wp:term":[{"taxonomy":"product_cat","embeddable":true,"href":"https:\/\/camilaherreracr.com\/artdesigns\/wp-json\/wp\/v2\/product_cat?post=10312"},{"taxonomy":"product_tag","embeddable":true,"href":"https:\/\/camilaherreracr.com\/artdesigns\/wp-json\/wp\/v2\/product_tag?post=10312"}],"curies":[{"name":"wp","href":"https:\/\/api.w.org\/{rel}","templated":true}]}}