{"id":10155,"date":"2024-07-09T19:15:29","date_gmt":"2024-07-10T01:15:29","guid":{"rendered":"https:\/\/camilaherreracr.com\/artdesigns?post_type=product&#038;p=10155"},"modified":"2025-11-04T07:43:02","modified_gmt":"2025-11-04T13:43:02","slug":"coralie","status":"publish","type":"product","link":"https:\/\/camilaherreracr.com\/artdesigns\/producto\/coralie\/","title":{"rendered":"Coralie"},"content":{"rendered":"<p>Aretes elegantes confeccionados con una perla cuadrada, una expresi\u00f3n sofisticada de la joyer\u00eda. Cada par aporta un dise\u00f1o geom\u00e9trico distintivo y moderno. Estas perlas capturan la luz de manera encantadora, resaltando su brillo y elegancia natural.<\/p>\n","protected":false},"excerpt":{"rendered":"<p>Cada par aporta un dise\u00f1o geom\u00e9trico distintivo y moderno.<\/p>\n","protected":false},"featured_media":10156,"comment_status":"closed","ping_status":"closed","template":"","meta":{"om_disable_all_campaigns":false,"_monsterinsights_skip_tracking":false,"_monsterinsights_sitenote_active":false,"_monsterinsights_sitenote_note":"","_monsterinsights_sitenote_category":0,"_uf_show_specific_survey":0,"_uf_disable_surveys":false},"product_cat":[238],"product_tag":[194,195,186,230],"aioseo_notices":[],"jetpack_sharing_enabled":true,"_links":{"self":[{"href":"https:\/\/camilaherreracr.com\/artdesigns\/wp-json\/wp\/v2\/product\/10155"}],"collection":[{"href":"https:\/\/camilaherreracr.com\/artdesigns\/wp-json\/wp\/v2\/product"}],"about":[{"href":"https:\/\/camilaherreracr.com\/artdesigns\/wp-json\/wp\/v2\/types\/product"}],"replies":[{"embeddable":true,"href":"https:\/\/camilaherreracr.com\/artdesigns\/wp-json\/wp\/v2\/comments?post=10155"}],"version-history":[{"count":1,"href":"https:\/\/camilaherreracr.com\/artdesigns\/wp-json\/wp\/v2\/product\/10155\/revisions"}],"predecessor-version":[{"id":10159,"href":"https:\/\/camilaherreracr.com\/artdesigns\/wp-json\/wp\/v2\/product\/10155\/revisions\/10159"}],"wp:featuredmedia":[{"embeddable":true,"href":"https:\/\/camilaherreracr.com\/artdesigns\/wp-json\/wp\/v2\/media\/10156"}],"wp:attachment":[{"href":"https:\/\/camilaherreracr.com\/artdesigns\/wp-json\/wp\/v2\/media?parent=10155"}],"wp:term":[{"taxonomy":"product_cat","embeddable":true,"href":"https:\/\/camilaherreracr.com\/artdesigns\/wp-json\/wp\/v2\/product_cat?post=10155"},{"taxonomy":"product_tag","embeddable":true,"href":"https:\/\/camilaherreracr.com\/artdesigns\/wp-json\/wp\/v2\/product_tag?post=10155"}],"curies":[{"name":"wp","href":"https:\/\/api.w.org\/{rel}","templated":true}]}}