{"id":10131,"date":"2024-07-09T18:31:22","date_gmt":"2024-07-10T00:31:22","guid":{"rendered":"https:\/\/camilaherreracr.com\/artdesigns?post_type=product&#038;p=10131"},"modified":"2026-02-12T10:42:27","modified_gmt":"2026-02-12T16:42:27","slug":"alessia","status":"publish","type":"product","link":"https:\/\/camilaherreracr.com\/artdesigns\/producto\/alessia\/","title":{"rendered":"Alessia"},"content":{"rendered":"<p>Aretes delicados que est\u00e1n adornados con peque\u00f1as flores, hojitas y perlas, que a\u00f1aden una delicadeza y elegancia distintivas. Este dise\u00f1o combina la sutileza de las hojitas y flores con el brillo sutil de las perlas, creando un accesorio encantador y refinado, ideal para complementar cualquier ocasi\u00f3n especial con un toque de sofisticaci\u00f3n natural.<\/p>\n","protected":false},"excerpt":{"rendered":"<p>Aretes dorados delicados que est\u00e1n adornados con peque\u00f1as flores, hojitas y perlas, que a\u00f1aden una delicadeza y elegancia distintivas.<\/p>\n","protected":false},"featured_media":10132,"comment_status":"closed","ping_status":"closed","template":"","meta":{"om_disable_all_campaigns":false,"_monsterinsights_skip_tracking":false,"_monsterinsights_sitenote_active":false,"_monsterinsights_sitenote_note":"","_monsterinsights_sitenote_category":0,"_uf_show_specific_survey":0,"_uf_disable_surveys":false},"product_cat":[238],"product_tag":[194,186,230],"aioseo_notices":[],"jetpack_sharing_enabled":true,"_links":{"self":[{"href":"https:\/\/camilaherreracr.com\/artdesigns\/wp-json\/wp\/v2\/product\/10131"}],"collection":[{"href":"https:\/\/camilaherreracr.com\/artdesigns\/wp-json\/wp\/v2\/product"}],"about":[{"href":"https:\/\/camilaherreracr.com\/artdesigns\/wp-json\/wp\/v2\/types\/product"}],"replies":[{"embeddable":true,"href":"https:\/\/camilaherreracr.com\/artdesigns\/wp-json\/wp\/v2\/comments?post=10131"}],"version-history":[{"count":1,"href":"https:\/\/camilaherreracr.com\/artdesigns\/wp-json\/wp\/v2\/product\/10131\/revisions"}],"predecessor-version":[{"id":10134,"href":"https:\/\/camilaherreracr.com\/artdesigns\/wp-json\/wp\/v2\/product\/10131\/revisions\/10134"}],"wp:featuredmedia":[{"embeddable":true,"href":"https:\/\/camilaherreracr.com\/artdesigns\/wp-json\/wp\/v2\/media\/10132"}],"wp:attachment":[{"href":"https:\/\/camilaherreracr.com\/artdesigns\/wp-json\/wp\/v2\/media?parent=10131"}],"wp:term":[{"taxonomy":"product_cat","embeddable":true,"href":"https:\/\/camilaherreracr.com\/artdesigns\/wp-json\/wp\/v2\/product_cat?post=10131"},{"taxonomy":"product_tag","embeddable":true,"href":"https:\/\/camilaherreracr.com\/artdesigns\/wp-json\/wp\/v2\/product_tag?post=10131"}],"curies":[{"name":"wp","href":"https:\/\/api.w.org\/{rel}","templated":true}]}}