{"id":10111,"date":"2024-07-09T17:48:44","date_gmt":"2024-07-09T23:48:44","guid":{"rendered":"https:\/\/camilaherreracr.com\/artdesigns?post_type=product&#038;p=10111"},"modified":"2025-11-04T08:05:09","modified_gmt":"2025-11-04T14:05:09","slug":"josefina","status":"publish","type":"product","link":"https:\/\/camilaherreracr.com\/artdesigns\/producto\/josefina\/","title":{"rendered":"Alicia"},"content":{"rendered":"<p>Aretes elegantes y ligeros, con perlas y hojas, dise\u00f1ados espec\u00edficamente para bodas o eventos especiales. La combinaci\u00f3n de perlas y hojas en un metal fino crea un accesorio delicado y sofisticado, ideal para complementar un look nupcial con estilo y distinci\u00f3n.<\/p>\n","protected":false},"excerpt":{"rendered":"<p>Aretes elegantes para bodas, con perlas y hojas que ofrecen sofisticaci\u00f3n y estilo distintivo.<\/p>\n","protected":false},"featured_media":10114,"comment_status":"closed","ping_status":"closed","template":"","meta":{"om_disable_all_campaigns":false,"_monsterinsights_skip_tracking":false,"_monsterinsights_sitenote_active":false,"_monsterinsights_sitenote_note":"","_monsterinsights_sitenote_category":0,"_uf_show_specific_survey":0,"_uf_disable_surveys":false},"product_cat":[238],"product_tag":[200,186,230],"aioseo_notices":[],"jetpack_sharing_enabled":true,"_links":{"self":[{"href":"https:\/\/camilaherreracr.com\/artdesigns\/wp-json\/wp\/v2\/product\/10111"}],"collection":[{"href":"https:\/\/camilaherreracr.com\/artdesigns\/wp-json\/wp\/v2\/product"}],"about":[{"href":"https:\/\/camilaherreracr.com\/artdesigns\/wp-json\/wp\/v2\/types\/product"}],"replies":[{"embeddable":true,"href":"https:\/\/camilaherreracr.com\/artdesigns\/wp-json\/wp\/v2\/comments?post=10111"}],"version-history":[{"count":2,"href":"https:\/\/camilaherreracr.com\/artdesigns\/wp-json\/wp\/v2\/product\/10111\/revisions"}],"predecessor-version":[{"id":10117,"href":"https:\/\/camilaherreracr.com\/artdesigns\/wp-json\/wp\/v2\/product\/10111\/revisions\/10117"}],"wp:featuredmedia":[{"embeddable":true,"href":"https:\/\/camilaherreracr.com\/artdesigns\/wp-json\/wp\/v2\/media\/10114"}],"wp:attachment":[{"href":"https:\/\/camilaherreracr.com\/artdesigns\/wp-json\/wp\/v2\/media?parent=10111"}],"wp:term":[{"taxonomy":"product_cat","embeddable":true,"href":"https:\/\/camilaherreracr.com\/artdesigns\/wp-json\/wp\/v2\/product_cat?post=10111"},{"taxonomy":"product_tag","embeddable":true,"href":"https:\/\/camilaherreracr.com\/artdesigns\/wp-json\/wp\/v2\/product_tag?post=10111"}],"curies":[{"name":"wp","href":"https:\/\/api.w.org\/{rel}","templated":true}]}}