{"id":10056,"date":"2024-07-09T09:29:48","date_gmt":"2024-07-09T15:29:48","guid":{"rendered":"https:\/\/camilaherreracr.com\/artdesigns?post_type=product&#038;p=10056"},"modified":"2025-01-14T11:59:58","modified_gmt":"2025-01-14T17:59:58","slug":"ariadna-2","status":"publish","type":"product","link":"https:\/\/camilaherreracr.com\/artdesigns\/producto\/ariadna-2\/","title":{"rendered":"Ariadna"},"content":{"rendered":"<p>Tocado de flores acr\u00edlicas, perlas y cristales, un accesorio elegante y sofisticado para la cabeza. Est\u00e1 compuesto por flores que proporcionan un brillo distintivo. Las perlas y los cristales a\u00f1aden un toque de lujo y sofisticaci\u00f3n, creando un dise\u00f1o que es ideal para ocasiones formales como bodas y eventos especiales. IMPORTANTE: Puede optar por comunicarse con el n\u00famero 85297823 para confirmar la fecha de entrega con respecto a la boda, o bien aguardar a que la dise\u00f1adora se ponga en contacto con usted para afinar los detalles personalizados de su pedido.<\/p>\n","protected":false},"excerpt":{"rendered":"<p>Tocado de flores acr\u00edlicas, perlas y cristales, un accesorio elegante para la cabeza, ideal para eventos formales.<\/p>\n","protected":false},"featured_media":10184,"comment_status":"closed","ping_status":"closed","template":"","meta":{"om_disable_all_campaigns":false,"_monsterinsights_skip_tracking":false,"_monsterinsights_sitenote_active":false,"_monsterinsights_sitenote_note":"","_monsterinsights_sitenote_category":0,"_uf_show_specific_survey":0,"_uf_disable_surveys":false},"product_cat":[228],"product_tag":[200,194,230],"aioseo_notices":[],"jetpack_sharing_enabled":true,"_links":{"self":[{"href":"https:\/\/camilaherreracr.com\/artdesigns\/wp-json\/wp\/v2\/product\/10056"}],"collection":[{"href":"https:\/\/camilaherreracr.com\/artdesigns\/wp-json\/wp\/v2\/product"}],"about":[{"href":"https:\/\/camilaherreracr.com\/artdesigns\/wp-json\/wp\/v2\/types\/product"}],"replies":[{"embeddable":true,"href":"https:\/\/camilaherreracr.com\/artdesigns\/wp-json\/wp\/v2\/comments?post=10056"}],"version-history":[{"count":1,"href":"https:\/\/camilaherreracr.com\/artdesigns\/wp-json\/wp\/v2\/product\/10056\/revisions"}],"predecessor-version":[{"id":10059,"href":"https:\/\/camilaherreracr.com\/artdesigns\/wp-json\/wp\/v2\/product\/10056\/revisions\/10059"}],"wp:featuredmedia":[{"embeddable":true,"href":"https:\/\/camilaherreracr.com\/artdesigns\/wp-json\/wp\/v2\/media\/10184"}],"wp:attachment":[{"href":"https:\/\/camilaherreracr.com\/artdesigns\/wp-json\/wp\/v2\/media?parent=10056"}],"wp:term":[{"taxonomy":"product_cat","embeddable":true,"href":"https:\/\/camilaherreracr.com\/artdesigns\/wp-json\/wp\/v2\/product_cat?post=10056"},{"taxonomy":"product_tag","embeddable":true,"href":"https:\/\/camilaherreracr.com\/artdesigns\/wp-json\/wp\/v2\/product_tag?post=10056"}],"curies":[{"name":"wp","href":"https:\/\/api.w.org\/{rel}","templated":true}]}}