{"id":5861,"date":"2023-12-23T12:19:24","date_gmt":"2023-12-23T18:19:24","guid":{"rendered":"https:\/\/camilaherreracr.com\/artdesigns?page_id=5861"},"modified":"2024-03-26T22:31:52","modified_gmt":"2024-03-27T04:31:52","slug":"vision","status":"publish","type":"page","link":"https:\/\/camilaherreracr.com\/artdesigns\/vision\/","title":{"rendered":"Visi\u00f3n"},"content":{"rendered":"\t\t<div data-elementor-type=\"wp-page\" data-elementor-id=\"5861\" class=\"elementor elementor-5861\">\n\t\t\t\t\t\t\t<div class=\"elementor-element elementor-element-0a67d46 e-flex e-con-boxed e-con e-parent\" data-id=\"0a67d46\" data-element_type=\"container\" data-settings=\"{&quot;background_background&quot;:&quot;classic&quot;,&quot;content_width&quot;:&quot;boxed&quot;}\" data-core-v316-plus=\"true\">\n\t\t\t\t\t<div class=\"e-con-inner\">\n\t\t\t\t<div class=\"elementor-element elementor-element-4176c2d elementor-widget elementor-widget-text-editor\" data-id=\"4176c2d\" data-element_type=\"widget\" data-widget_type=\"text-editor.default\">\n\t\t\t\t<div class=\"elementor-widget-container\">\n\t\t\t<style>\/*! elementor - v3.18.0 - 08-12-2023 *\/\n.elementor-widget-text-editor.elementor-drop-cap-view-stacked .elementor-drop-cap{background-color:#69727d;color:#fff}.elementor-widget-text-editor.elementor-drop-cap-view-framed .elementor-drop-cap{color:#69727d;border:3px solid;background-color:transparent}.elementor-widget-text-editor:not(.elementor-drop-cap-view-default) .elementor-drop-cap{margin-top:8px}.elementor-widget-text-editor:not(.elementor-drop-cap-view-default) .elementor-drop-cap-letter{width:1em;height:1em}.elementor-widget-text-editor .elementor-drop-cap{float:left;text-align:center;line-height:1;font-size:50px}.elementor-widget-text-editor .elementor-drop-cap-letter{display:inline-block}<\/style>\t\t\t\t<p>Nuestra visi\u00f3n es convertirnos en un \u00edcono de la exclusividad y las piezas \u00fanicas en el mundo de la joyer\u00eda costarricense. Queremos ser reconocidos como una marca que refleja la belleza, la artesan\u00eda y la autenticidad, que trasciende las fronteras para cautivar a los amantes de la joyer\u00eda en todo el mundo.<\/p><p>Con esta visi\u00f3n, aspiramos a dejar una huella duradera en la industria como una marca de excelencia en la creaci\u00f3n de joyas \u00fanicas.<\/p>\t\t\t\t\t\t<\/div>\n\t\t\t\t<\/div>\n\t\t\t\t\t<\/div>\n\t\t\t\t<\/div>\n\t\t\t\t\t\t\t<\/div>\n\t\t","protected":false},"excerpt":{"rendered":"<p>Nuestra visi\u00f3n es convertirnos en un \u00edcono de la exclusividad y las piezas \u00fanicas en el mundo de la joyer\u00eda costarricense. Queremos ser reconocidos como una marca que refleja la belleza, la artesan\u00eda y la autenticidad, que trasciende las fronteras para cautivar a los amantes de la joyer\u00eda en todo el mundo. Con esta visi\u00f3n, [&hellip;]<\/p>\n","protected":false},"author":1,"featured_media":0,"parent":0,"menu_order":0,"comment_status":"closed","ping_status":"closed","template":"","meta":{"om_disable_all_campaigns":false,"_monsterinsights_skip_tracking":false,"_monsterinsights_sitenote_active":false,"_monsterinsights_sitenote_note":"","_monsterinsights_sitenote_category":0,"_uf_show_specific_survey":0,"_uf_disable_surveys":false,"footnotes":""},"aioseo_notices":[],"jetpack_sharing_enabled":true,"_links":{"self":[{"href":"https:\/\/camilaherreracr.com\/artdesigns\/wp-json\/wp\/v2\/pages\/5861"}],"collection":[{"href":"https:\/\/camilaherreracr.com\/artdesigns\/wp-json\/wp\/v2\/pages"}],"about":[{"href":"https:\/\/camilaherreracr.com\/artdesigns\/wp-json\/wp\/v2\/types\/page"}],"author":[{"embeddable":true,"href":"https:\/\/camilaherreracr.com\/artdesigns\/wp-json\/wp\/v2\/users\/1"}],"replies":[{"embeddable":true,"href":"https:\/\/camilaherreracr.com\/artdesigns\/wp-json\/wp\/v2\/comments?post=5861"}],"version-history":[{"count":3,"href":"https:\/\/camilaherreracr.com\/artdesigns\/wp-json\/wp\/v2\/pages\/5861\/revisions"}],"predecessor-version":[{"id":9780,"href":"https:\/\/camilaherreracr.com\/artdesigns\/wp-json\/wp\/v2\/pages\/5861\/revisions\/9780"}],"wp:attachment":[{"href":"https:\/\/camilaherreracr.com\/artdesigns\/wp-json\/wp\/v2\/media?parent=5861"}],"curies":[{"name":"wp","href":"https:\/\/api.w.org\/{rel}","templated":true}]}}