{"id":5857,"date":"2023-12-23T12:18:30","date_gmt":"2023-12-23T18:18:30","guid":{"rendered":"https:\/\/camilaherreracr.com\/artdesigns?page_id=5857"},"modified":"2024-03-26T22:29:48","modified_gmt":"2024-03-27T04:29:48","slug":"nuestra-marca","status":"publish","type":"page","link":"https:\/\/camilaherreracr.com\/artdesigns\/nuestra-marca\/","title":{"rendered":"Nuestra Marca"},"content":{"rendered":"\t\t<div data-elementor-type=\"wp-page\" data-elementor-id=\"5857\" class=\"elementor elementor-5857\">\n\t\t\t\t\t\t\t<div class=\"elementor-element elementor-element-6d66ae2 e-flex e-con-boxed e-con e-parent\" data-id=\"6d66ae2\" data-element_type=\"container\" data-settings=\"{&quot;background_background&quot;:&quot;classic&quot;,&quot;content_width&quot;:&quot;boxed&quot;}\" data-core-v316-plus=\"true\">\n\t\t\t\t\t<div class=\"e-con-inner\">\n\t\t\t\t<div class=\"elementor-element elementor-element-30e746d elementor-widget elementor-widget-text-editor\" data-id=\"30e746d\" data-element_type=\"widget\" data-widget_type=\"text-editor.default\">\n\t\t\t\t<div class=\"elementor-widget-container\">\n\t\t\t<style>\/*! elementor - v3.18.0 - 08-12-2023 *\/\n.elementor-widget-text-editor.elementor-drop-cap-view-stacked .elementor-drop-cap{background-color:#69727d;color:#fff}.elementor-widget-text-editor.elementor-drop-cap-view-framed .elementor-drop-cap{color:#69727d;border:3px solid;background-color:transparent}.elementor-widget-text-editor:not(.elementor-drop-cap-view-default) .elementor-drop-cap{margin-top:8px}.elementor-widget-text-editor:not(.elementor-drop-cap-view-default) .elementor-drop-cap-letter{width:1em;height:1em}.elementor-widget-text-editor .elementor-drop-cap{float:left;text-align:center;line-height:1;font-size:50px}.elementor-widget-text-editor .elementor-drop-cap-letter{display:inline-block}<\/style>\t\t\t\t<p>Desde ni\u00f1a, descubr\u00ed mi pasi\u00f3n por la joyer\u00eda. Recuerdo con cari\u00f1o aquellos d\u00edas en los que mi hermana menor y yo vend\u00edamos aretes y collares en nuestra escuela, emocionadas por compartir nuestras creaciones.<\/p><p>Pero el 2020 nos trajo un desaf\u00edo inesperado: la pandemia. Durante esos tiempos inciertos, record\u00e9 cu\u00e1nto amaba crear joyas y decid\u00ed dar vida a mi sue\u00f1o. As\u00ed naci\u00f3 Camila Herrera Art Designs, mi marca de joyer\u00eda \u00fanica. Comenc\u00e9 aprendiendo nuevas t\u00e9cnicas, experimentando con diferentes materiales y creando piezas que reflejaran mi visi\u00f3n art\u00edstica.<\/p><p>A medida que mi marca crec\u00eda, descubr\u00ed una sensaci\u00f3n de plenitud al ver c\u00f3mo mis dise\u00f1os cobraban vida y se convert\u00edan en s\u00edmbolos de belleza y elegancia. Cada joya que creaba ten\u00eda su propia historia y un pedacito de mi coraz\u00f3n.<\/p><p>Hoy, estoy orgullosa de compartir mi pasi\u00f3n con mujeres hermosas y empoderadas como t\u00fa. En Camila Herrera Art Designs, encontrar\u00e1s no solo joyas excepcionales, sino tambi\u00e9n una conexi\u00f3n emocional y una historia \u00fanica detr\u00e1s de cada pieza. Espero que cada vez que una de mis joyas adorne tu cuerpo, sientas la misma alegr\u00eda y confianza que yo al crearla.<\/p><p>Gracias por ser parte de mi viaje y permitirme hacer lo que amo. Mi mayor deseo es que mis joyas te hagan sentir bella, \u00fanica y empoderada en cada momento de tu vida. \u00a1Bienvenida a la familia de Camila Herrera Art Designs!<\/p>\t\t\t\t\t\t<\/div>\n\t\t\t\t<\/div>\n\t\t\t\t\t<\/div>\n\t\t\t\t<\/div>\n\t\t\t\t\t\t\t<\/div>\n\t\t","protected":false},"excerpt":{"rendered":"<p>Desde ni\u00f1a, descubr\u00ed mi pasi\u00f3n por la joyer\u00eda. Recuerdo con cari\u00f1o aquellos d\u00edas en los que mi hermana menor y yo vend\u00edamos aretes y collares en nuestra escuela, emocionadas por compartir nuestras creaciones. Pero el 2020 nos trajo un desaf\u00edo inesperado: la pandemia. Durante esos tiempos inciertos, record\u00e9 cu\u00e1nto amaba crear joyas y decid\u00ed dar [&hellip;]<\/p>\n","protected":false},"author":1,"featured_media":0,"parent":0,"menu_order":0,"comment_status":"closed","ping_status":"closed","template":"","meta":{"om_disable_all_campaigns":false,"_monsterinsights_skip_tracking":false,"_monsterinsights_sitenote_active":false,"_monsterinsights_sitenote_note":"","_monsterinsights_sitenote_category":0,"_uf_show_specific_survey":0,"_uf_disable_surveys":false,"footnotes":""},"aioseo_notices":[],"jetpack_sharing_enabled":true,"_links":{"self":[{"href":"https:\/\/camilaherreracr.com\/artdesigns\/wp-json\/wp\/v2\/pages\/5857"}],"collection":[{"href":"https:\/\/camilaherreracr.com\/artdesigns\/wp-json\/wp\/v2\/pages"}],"about":[{"href":"https:\/\/camilaherreracr.com\/artdesigns\/wp-json\/wp\/v2\/types\/page"}],"author":[{"embeddable":true,"href":"https:\/\/camilaherreracr.com\/artdesigns\/wp-json\/wp\/v2\/users\/1"}],"replies":[{"embeddable":true,"href":"https:\/\/camilaherreracr.com\/artdesigns\/wp-json\/wp\/v2\/comments?post=5857"}],"version-history":[{"count":3,"href":"https:\/\/camilaherreracr.com\/artdesigns\/wp-json\/wp\/v2\/pages\/5857\/revisions"}],"predecessor-version":[{"id":9777,"href":"https:\/\/camilaherreracr.com\/artdesigns\/wp-json\/wp\/v2\/pages\/5857\/revisions\/9777"}],"wp:attachment":[{"href":"https:\/\/camilaherreracr.com\/artdesigns\/wp-json\/wp\/v2\/media?parent=5857"}],"curies":[{"name":"wp","href":"https:\/\/api.w.org\/{rel}","templated":true}]}}