{"id":5843,"date":"2023-12-23T12:13:43","date_gmt":"2023-12-23T18:13:43","guid":{"rendered":"https:\/\/camilaherreracr.com\/artdesigns?page_id=5843"},"modified":"2024-03-26T22:22:12","modified_gmt":"2024-03-27T04:22:12","slug":"reembolsos","status":"publish","type":"page","link":"https:\/\/camilaherreracr.com\/artdesigns\/reembolsos\/","title":{"rendered":"Reembolsos"},"content":{"rendered":"\t\t<div data-elementor-type=\"wp-page\" data-elementor-id=\"5843\" class=\"elementor elementor-5843\">\n\t\t\t\t\t\t\t<div class=\"elementor-element elementor-element-e9ed75c e-flex e-con-boxed e-con e-parent\" data-id=\"e9ed75c\" data-element_type=\"container\" data-settings=\"{&quot;background_background&quot;:&quot;classic&quot;,&quot;content_width&quot;:&quot;boxed&quot;}\" data-core-v316-plus=\"true\">\n\t\t\t\t\t<div class=\"e-con-inner\">\n\t\t\t\t<div class=\"elementor-element elementor-element-163310f elementor-widget elementor-widget-text-editor\" data-id=\"163310f\" data-element_type=\"widget\" data-widget_type=\"text-editor.default\">\n\t\t\t\t<div class=\"elementor-widget-container\">\n\t\t\t<style>\/*! elementor - v3.18.0 - 08-12-2023 *\/\n.elementor-widget-text-editor.elementor-drop-cap-view-stacked .elementor-drop-cap{background-color:#69727d;color:#fff}.elementor-widget-text-editor.elementor-drop-cap-view-framed .elementor-drop-cap{color:#69727d;border:3px solid;background-color:transparent}.elementor-widget-text-editor:not(.elementor-drop-cap-view-default) .elementor-drop-cap{margin-top:8px}.elementor-widget-text-editor:not(.elementor-drop-cap-view-default) .elementor-drop-cap-letter{width:1em;height:1em}.elementor-widget-text-editor .elementor-drop-cap{float:left;text-align:center;line-height:1;font-size:50px}.elementor-widget-text-editor .elementor-drop-cap-letter{display:inline-block}<\/style>\t\t\t\t<p>Una vez recibida y revisada su devoluci\u00f3n, le contactaremos para notificarle si su reembolso ha sido aprobado o rechazado. En caso de ser aprobado, el monto total ser\u00e1 acreditado al mismo m\u00e9todo de pago utilizado en la compra.<\/p><p>Los art\u00edculos en oferta o adquiridos con alg\u00fan c\u00f3digo de descuento no son elegibles para reembolso o cambio. Solo los art\u00edculos a precio regular ser\u00e1n reembolsados.<\/p>\t\t\t\t\t\t<\/div>\n\t\t\t\t<\/div>\n\t\t\t\t\t<\/div>\n\t\t\t\t<\/div>\n\t\t\t\t\t\t\t<\/div>\n\t\t","protected":false},"excerpt":{"rendered":"<p>Una vez recibida y revisada su devoluci\u00f3n, le contactaremos para notificarle si su reembolso ha sido aprobado o rechazado. En caso de ser aprobado, el monto total ser\u00e1 acreditado al mismo m\u00e9todo de pago utilizado en la compra. Los art\u00edculos en oferta o adquiridos con alg\u00fan c\u00f3digo de descuento no son elegibles para reembolso o [&hellip;]<\/p>\n","protected":false},"author":1,"featured_media":0,"parent":0,"menu_order":0,"comment_status":"closed","ping_status":"closed","template":"","meta":{"om_disable_all_campaigns":false,"_monsterinsights_skip_tracking":false,"_monsterinsights_sitenote_active":false,"_monsterinsights_sitenote_note":"","_monsterinsights_sitenote_category":0,"_uf_show_specific_survey":0,"_uf_disable_surveys":false,"footnotes":""},"aioseo_notices":[],"jetpack_sharing_enabled":true,"_links":{"self":[{"href":"https:\/\/camilaherreracr.com\/artdesigns\/wp-json\/wp\/v2\/pages\/5843"}],"collection":[{"href":"https:\/\/camilaherreracr.com\/artdesigns\/wp-json\/wp\/v2\/pages"}],"about":[{"href":"https:\/\/camilaherreracr.com\/artdesigns\/wp-json\/wp\/v2\/types\/page"}],"author":[{"embeddable":true,"href":"https:\/\/camilaherreracr.com\/artdesigns\/wp-json\/wp\/v2\/users\/1"}],"replies":[{"embeddable":true,"href":"https:\/\/camilaherreracr.com\/artdesigns\/wp-json\/wp\/v2\/comments?post=5843"}],"version-history":[{"count":3,"href":"https:\/\/camilaherreracr.com\/artdesigns\/wp-json\/wp\/v2\/pages\/5843\/revisions"}],"predecessor-version":[{"id":9768,"href":"https:\/\/camilaherreracr.com\/artdesigns\/wp-json\/wp\/v2\/pages\/5843\/revisions\/9768"}],"wp:attachment":[{"href":"https:\/\/camilaherreracr.com\/artdesigns\/wp-json\/wp\/v2\/media?parent=5843"}],"curies":[{"name":"wp","href":"https:\/\/api.w.org\/{rel}","templated":true}]}}